{"id":36,"date":"2026-04-20T19:34:44","date_gmt":"2026-04-20T17:34:44","guid":{"rendered":"http:\/\/kumpelherz-schalkefc-eschweiler.de\/?page_id=36"},"modified":"2026-04-21T08:25:29","modified_gmt":"2026-04-21T06:25:29","slug":"willkommen","status":"publish","type":"page","link":"https:\/\/kumpelherz-schalkefc-eschweiler.de\/","title":{"rendered":"Willkommen"},"content":{"rendered":"\n<p class=\"has-black-color has-pale-cyan-blue-background-color has-text-color has-background has-link-color has-medium-font-size wp-elements-864031dfcf82c00e90bb7a99aa444ecd\">Gl\u00fcck auf und herzlich willkommen auf der offiziellen Homepage des Kumpelherz Schalke Fanclub Eschweiler!<\/p>\n\n\n\n<p class=\"has-black-color has-pale-cyan-blue-background-color has-text-color has-background has-link-color has-medium-font-size wp-elements-eb547995b95e8a4920fb1f41811a943b\">Hier schl\u00e4gt das Herz k\u00f6nigsblau \u2013 und das mitten im Rheinland. Wir sind eine Gemeinschaft leidenschaftlicher Schalke-Fans, die mehr verbindet als nur die Liebe zum Verein: Zusammenhalt, Freundschaft und echte Kumpelmentalit\u00e4t stehen bei uns an erster Stelle.<\/p>\n\n\n\n<p class=\"has-black-color has-pale-cyan-blue-background-color has-text-color has-background has-link-color has-medium-font-size wp-elements-47525e3ca3e7879b305525290bb5f3cc\">Ob bei gemeinsamen Stadionfahrten, spannenden Fu\u00dfballabenden oder geselligen Treffen \u2013 wir leben die Begeisterung f\u00fcr Schalke 04 und teilen unvergessliche Momente miteinander. Dabei sind neue Gesichter jederzeit willkommen, ganz gleich ob langj\u00e4hriger Fan oder frisch vom Schalker Virus infiziert.<\/p>\n\n\n\n<p class=\"has-black-color has-pale-cyan-blue-background-color has-text-color has-background has-link-color has-medium-font-size wp-elements-5b58e5dd5e84f91bb4a0a13caf964799\">Auf unserer Homepage findest du alle wichtigen Infos zu unseren Aktivit\u00e4ten, Terminen und Mitgliedschaft. Schau dich um, lern uns kennen \u2013 und werde Teil unserer k\u00f6nigsblauen Familie!<\/p>\n\n\n\n<p class=\"has-black-color has-pale-cyan-blue-background-color has-text-color has-background has-link-color has-medium-font-size wp-elements-6915b10bbc0ee31faea9835fef0c6f59\"><strong>Kumpelherz verbindet \u2013 ein Leben lang.<\/strong>&nbsp;<\/p>\n","protected":false},"excerpt":{"rendered":"<p>Gl\u00fcck auf und herzlich willkommen auf der offiziellen Homepage des Kumpelherz Schalke Fanclub Eschweiler! Hier schl\u00e4gt das Herz k\u00f6nigsblau \u2013 und das mitten im Rheinland. Wir sind eine Gemeinschaft leidenschaftlicher Schalke-Fans, die mehr verbindet als nur die Liebe zum Verein: Zusammenhalt, Freundschaft und echte Kumpelmentalit\u00e4t stehen bei uns an erster Stelle. Ob bei gemeinsamen Stadionfahrten, [&hellip;]<\/p>\n","protected":false},"author":1,"featured_media":32,"parent":0,"menu_order":0,"comment_status":"closed","ping_status":"closed","template":"","meta":{"om_disable_all_campaigns":false,"_monsterinsights_skip_tracking":false,"_monsterinsights_sitenote_active":false,"_monsterinsights_sitenote_note":"","_monsterinsights_sitenote_category":0,"footnotes":""},"class_list":["post-36","page","type-page","status-publish","has-post-thumbnail","hentry"],"aioseo_notices":[],"_links":{"self":[{"href":"https:\/\/kumpelherz-schalkefc-eschweiler.de\/index.php?rest_route=\/wp\/v2\/pages\/36","targetHints":{"allow":["GET"]}}],"collection":[{"href":"https:\/\/kumpelherz-schalkefc-eschweiler.de\/index.php?rest_route=\/wp\/v2\/pages"}],"about":[{"href":"https:\/\/kumpelherz-schalkefc-eschweiler.de\/index.php?rest_route=\/wp\/v2\/types\/page"}],"author":[{"embeddable":true,"href":"https:\/\/kumpelherz-schalkefc-eschweiler.de\/index.php?rest_route=\/wp\/v2\/users\/1"}],"replies":[{"embeddable":true,"href":"https:\/\/kumpelherz-schalkefc-eschweiler.de\/index.php?rest_route=%2Fwp%2Fv2%2Fcomments&post=36"}],"version-history":[{"count":3,"href":"https:\/\/kumpelherz-schalkefc-eschweiler.de\/index.php?rest_route=\/wp\/v2\/pages\/36\/revisions"}],"predecessor-version":[{"id":63,"href":"https:\/\/kumpelherz-schalkefc-eschweiler.de\/index.php?rest_route=\/wp\/v2\/pages\/36\/revisions\/63"}],"wp:featuredmedia":[{"embeddable":true,"href":"https:\/\/kumpelherz-schalkefc-eschweiler.de\/index.php?rest_route=\/wp\/v2\/media\/32"}],"wp:attachment":[{"href":"https:\/\/kumpelherz-schalkefc-eschweiler.de\/index.php?rest_route=%2Fwp%2Fv2%2Fmedia&parent=36"}],"curies":[{"name":"wp","href":"https:\/\/api.w.org\/{rel}","templated":true}]}}